{"id":554,"date":"2021-01-08T22:17:51","date_gmt":"2021-01-08T22:17:51","guid":{"rendered":"http:\/\/vianima.net\/?page_id=554"},"modified":"2022-02-02T16:32:56","modified_gmt":"2022-02-02T16:32:56","slug":"aschenputtel-findet-ihren-weg","status":"publish","type":"page","link":"https:\/\/vianima.net\/?page_id=554","title":{"rendered":"Aschenputtel findet ihren Weg"},"content":{"rendered":"\t\t<div data-elementor-type=\"wp-page\" data-elementor-id=\"554\" class=\"elementor elementor-554\">\n\t\t\t\t\t\t<section class=\"elementor-section elementor-top-section elementor-element elementor-element-6e901fd elementor-section-boxed elementor-section-height-default elementor-section-height-default\" data-id=\"6e901fd\" data-element_type=\"section\" data-e-type=\"section\">\n\t\t\t\t\t\t<div class=\"elementor-container elementor-column-gap-default\">\n\t\t\t\t\t<div class=\"elementor-column elementor-col-100 elementor-top-column elementor-element elementor-element-f125527\" data-id=\"f125527\" data-element_type=\"column\" data-e-type=\"column\">\n\t\t\t<div class=\"elementor-widget-wrap elementor-element-populated\">\n\t\t\t\t\t\t<div class=\"elementor-element elementor-element-39454e8 elementor-widget elementor-widget-spacer\" data-id=\"39454e8\" data-element_type=\"widget\" data-e-type=\"widget\" data-widget_type=\"spacer.default\">\n\t\t\t\t<div class=\"elementor-widget-container\">\n\t\t\t\t\t\t\t<div class=\"elementor-spacer\">\n\t\t\t<div class=\"elementor-spacer-inner\"><\/div>\n\t\t<\/div>\n\t\t\t\t\t\t<\/div>\n\t\t\t\t<\/div>\n\t\t\t\t\t<\/div>\n\t\t<\/div>\n\t\t\t\t\t<\/div>\n\t\t<\/section>\n\t\t\t\t<section class=\"elementor-section elementor-top-section elementor-element elementor-element-c1e26a8 elementor-section-boxed elementor-section-height-default elementor-section-height-default\" data-id=\"c1e26a8\" data-element_type=\"section\" data-e-type=\"section\">\n\t\t\t\t\t\t<div class=\"elementor-container elementor-column-gap-default\">\n\t\t\t\t\t<div class=\"elementor-column elementor-col-100 elementor-top-column elementor-element elementor-element-6d6d437\" data-id=\"6d6d437\" data-element_type=\"column\" data-e-type=\"column\">\n\t\t\t<div class=\"elementor-widget-wrap elementor-element-populated\">\n\t\t\t\t\t\t<div class=\"elementor-element elementor-element-d7ba137 elementor-widget elementor-widget-heading\" data-id=\"d7ba137\" data-element_type=\"widget\" data-e-type=\"widget\" data-widget_type=\"heading.default\">\n\t\t\t\t<div class=\"elementor-widget-container\">\n\t\t\t\t\t<h5 class=\"elementor-heading-title elementor-size-default\">Workshop zur Gestaltung des Lebens nach eigenen W\u00fcnschen und Bed\u00fcrfnissen<\/h5>\t\t\t\t<\/div>\n\t\t\t\t<\/div>\n\t\t\t\t\t<\/div>\n\t\t<\/div>\n\t\t\t\t\t<\/div>\n\t\t<\/section>\n\t\t\t\t<section class=\"elementor-section elementor-top-section elementor-element elementor-element-0498be0 elementor-section-boxed elementor-section-height-default elementor-section-height-default\" data-id=\"0498be0\" data-element_type=\"section\" data-e-type=\"section\">\n\t\t\t\t\t\t<div class=\"elementor-container elementor-column-gap-default\">\n\t\t\t\t\t<div class=\"elementor-column elementor-col-100 elementor-top-column elementor-element elementor-element-0f093ea\" data-id=\"0f093ea\" data-element_type=\"column\" data-e-type=\"column\">\n\t\t\t<div class=\"elementor-widget-wrap elementor-element-populated\">\n\t\t\t\t\t\t<div class=\"elementor-element elementor-element-9017728 elementor-widget elementor-widget-spacer\" data-id=\"9017728\" data-element_type=\"widget\" data-e-type=\"widget\" data-widget_type=\"spacer.default\">\n\t\t\t\t<div class=\"elementor-widget-container\">\n\t\t\t\t\t\t\t<div class=\"elementor-spacer\">\n\t\t\t<div class=\"elementor-spacer-inner\"><\/div>\n\t\t<\/div>\n\t\t\t\t\t\t<\/div>\n\t\t\t\t<\/div>\n\t\t\t\t\t<\/div>\n\t\t<\/div>\n\t\t\t\t\t<\/div>\n\t\t<\/section>\n\t\t\t\t<section class=\"elementor-section elementor-top-section elementor-element elementor-element-25e765b elementor-section-boxed elementor-section-height-default elementor-section-height-default\" data-id=\"25e765b\" data-element_type=\"section\" data-e-type=\"section\">\n\t\t\t\t\t\t<div class=\"elementor-container elementor-column-gap-default\">\n\t\t\t\t\t<div class=\"elementor-column elementor-col-66 elementor-top-column elementor-element elementor-element-5e38440\" data-id=\"5e38440\" data-element_type=\"column\" data-e-type=\"column\">\n\t\t\t<div class=\"elementor-widget-wrap elementor-element-populated\">\n\t\t\t\t\t\t<div class=\"elementor-element elementor-element-7150ce7 elementor-widget elementor-widget-text-editor\" data-id=\"7150ce7\" data-element_type=\"widget\" data-e-type=\"widget\" data-widget_type=\"text-editor.default\">\n\t\t\t\t<div class=\"elementor-widget-container\">\n\t\t\t\t\t\t\t\t\t<p>Kommen dir Glaubenss\u00e4tze wie z. B. \u201eAnerkennung bekomme ich nur durch Leistung\u201d oder \u201eIch bin liebenswert, wenn ich brav bin und meine Bed\u00fcrfnisse zur\u00fcckhalte\u201d bekannt vor?<\/p><p>Aber du verf\u00e4ngst dich trotzdem immer wieder in diesem Netz, obwohl du dich schon vertieft mit dir und deinen eigenen Bed\u00fcrfnissen auseinandergesetzt hast und dir schon vieles bewusst geworden ist?<\/p><p>Hier kommt das Thema &#8222;Abgrenzung&#8220; ins Spiel. Wer es nicht schafft, sich abzugrenzen, erlebt h\u00e4ufig Schuldgef\u00fchle, Selbstzweifel und kreisende Gedanken. Man wird das Gef\u00fchl nicht los, dass man selbst etwas falsch gemacht hat.<\/p><p>&#8222;Stopp&#8220; oder &#8222;Nein&#8220; sagen wird in diesem Workshop auf lustvolle Weise zum Thema gemacht. Wo ist mein Bereich, wo f\u00e4ngt deiner an?<\/p><p>Aschenputtel macht sich auf zu einem starken Ich mit einem stabilen Selbstwert, denn das Ziel ist es, sich selbst zu lieben, ohne egoistisch zu sein.<\/p><p>Die Gruppe bietet einen sicheren Ort von Verbundenheit, Respekt, gegenseitiger Herausforderung und Unterst\u00fctzung. Wir arbeiten mit kreativen, intuitiven und k\u00f6rperbezogenen Methoden, die den Prozess mit Leichtigkeit und Freude begleiten.<\/p><p><strong>\u00a0<\/strong><\/p><p>Wir empfehlen vorher <a href=\"https:\/\/vianima.net\/?page_id=617\">\u201eAschenputtel steigt aus\u201c<\/a> zu besuchen.<\/p><p>Wenn du aber selber schon in deinem Prozess fortgeschritten bist, bist du nat\u00fcrlich auch als Quereinsteigerin bei \u201eAschenputtel geht ihren Weg\u201c herzlich willkommen!<\/p><p><strong>Zur Zeit keine Termine. Lass dich informieren, sobald sich das \u00e4ndert und abonniere unseren Newsletter!<\/strong><\/p>\t\t\t\t\t\t\t\t<\/div>\n\t\t\t\t<\/div>\n\t\t\t\t\t<\/div>\n\t\t<\/div>\n\t\t\t\t<div class=\"elementor-column elementor-col-33 elementor-top-column elementor-element elementor-element-17ce1b6\" data-id=\"17ce1b6\" data-element_type=\"column\" data-e-type=\"column\">\n\t\t\t<div class=\"elementor-widget-wrap\">\n\t\t\t\t\t\t\t<\/div>\n\t\t<\/div>\n\t\t\t\t\t<\/div>\n\t\t<\/section>\n\t\t\t\t<section class=\"elementor-section elementor-top-section elementor-element elementor-element-1767355 elementor-section-boxed elementor-section-height-default elementor-section-height-default\" data-id=\"1767355\" data-element_type=\"section\" data-e-type=\"section\">\n\t\t\t\t\t\t<div class=\"elementor-container elementor-column-gap-default\">\n\t\t\t\t\t<div class=\"elementor-column elementor-col-33 elementor-top-column elementor-element elementor-element-77a4960\" data-id=\"77a4960\" data-element_type=\"column\" data-e-type=\"column\">\n\t\t\t<div class=\"elementor-widget-wrap\">\n\t\t\t\t\t\t\t<\/div>\n\t\t<\/div>\n\t\t\t\t<div class=\"elementor-column elementor-col-33 elementor-top-column elementor-element elementor-element-04b03fc\" data-id=\"04b03fc\" data-element_type=\"column\" data-e-type=\"column\">\n\t\t\t<div class=\"elementor-widget-wrap\">\n\t\t\t\t\t\t\t<\/div>\n\t\t<\/div>\n\t\t\t\t<div class=\"elementor-column elementor-col-33 elementor-top-column elementor-element elementor-element-99066f3\" data-id=\"99066f3\" data-element_type=\"column\" data-e-type=\"column\">\n\t\t\t<div class=\"elementor-widget-wrap\">\n\t\t\t\t\t\t\t<\/div>\n\t\t<\/div>\n\t\t\t\t\t<\/div>\n\t\t<\/section>\n\t\t\t\t<section class=\"elementor-section elementor-top-section elementor-element elementor-element-e2f0809 elementor-section-boxed elementor-section-height-default elementor-section-height-default\" data-id=\"e2f0809\" data-element_type=\"section\" data-e-type=\"section\">\n\t\t\t\t\t\t<div class=\"elementor-container elementor-column-gap-default\">\n\t\t\t\t\t<div class=\"elementor-column elementor-col-100 elementor-top-column elementor-element elementor-element-eaa7483\" data-id=\"eaa7483\" data-element_type=\"column\" data-e-type=\"column\">\n\t\t\t<div class=\"elementor-widget-wrap elementor-element-populated\">\n\t\t\t\t\t\t<div class=\"elementor-element elementor-element-d30e3b8 elementor-widget elementor-widget-spacer\" data-id=\"d30e3b8\" data-element_type=\"widget\" data-e-type=\"widget\" data-widget_type=\"spacer.default\">\n\t\t\t\t<div class=\"elementor-widget-container\">\n\t\t\t\t\t\t\t<div class=\"elementor-spacer\">\n\t\t\t<div class=\"elementor-spacer-inner\"><\/div>\n\t\t<\/div>\n\t\t\t\t\t\t<\/div>\n\t\t\t\t<\/div>\n\t\t\t\t\t<\/div>\n\t\t<\/div>\n\t\t\t\t\t<\/div>\n\t\t<\/section>\n\t\t\t\t<\/div>\n\t\t","protected":false},"excerpt":{"rendered":"<p>Workshop zur Gestaltung des Lebens nach eigenen W\u00fcnschen und Bed\u00fcrfnissen Kommen dir Glaubenss\u00e4tze wie z. B. \u201eAnerkennung bekomme ich nur durch Leistung\u201d oder \u201eIch bin liebenswert, wenn ich brav bin und meine Bed\u00fcrfnisse zur\u00fcckhalte\u201d bekannt vor? Aber du verf\u00e4ngst dich trotzdem immer wieder in diesem Netz, obwohl du dich schon vertieft mit dir und deinen [&hellip;]<\/p>\n","protected":false},"author":1,"featured_media":0,"parent":548,"menu_order":0,"comment_status":"closed","ping_status":"closed","template":"elementor_theme","meta":{"footnotes":""},"class_list":["post-554","page","type-page","status-publish","hentry"],"_links":{"self":[{"href":"https:\/\/vianima.net\/index.php?rest_route=\/wp\/v2\/pages\/554","targetHints":{"allow":["GET"]}}],"collection":[{"href":"https:\/\/vianima.net\/index.php?rest_route=\/wp\/v2\/pages"}],"about":[{"href":"https:\/\/vianima.net\/index.php?rest_route=\/wp\/v2\/types\/page"}],"author":[{"embeddable":true,"href":"https:\/\/vianima.net\/index.php?rest_route=\/wp\/v2\/users\/1"}],"replies":[{"embeddable":true,"href":"https:\/\/vianima.net\/index.php?rest_route=%2Fwp%2Fv2%2Fcomments&post=554"}],"version-history":[{"count":33,"href":"https:\/\/vianima.net\/index.php?rest_route=\/wp\/v2\/pages\/554\/revisions"}],"predecessor-version":[{"id":968,"href":"https:\/\/vianima.net\/index.php?rest_route=\/wp\/v2\/pages\/554\/revisions\/968"}],"up":[{"embeddable":true,"href":"https:\/\/vianima.net\/index.php?rest_route=\/wp\/v2\/pages\/548"}],"wp:attachment":[{"href":"https:\/\/vianima.net\/index.php?rest_route=%2Fwp%2Fv2%2Fmedia&parent=554"}],"curies":[{"name":"wp","href":"https:\/\/api.w.org\/{rel}","templated":true}]}}