{"id":556,"date":"2021-01-08T22:18:41","date_gmt":"2021-01-08T22:18:41","guid":{"rendered":"http:\/\/vianima.net\/?page_id=556"},"modified":"2022-02-02T16:06:22","modified_gmt":"2022-02-02T16:06:22","slug":"aschenputtel-lernt-fliegen","status":"publish","type":"page","link":"https:\/\/vianima.net\/?page_id=556","title":{"rendered":"Aschenputtel lernt fliegen"},"content":{"rendered":"\t\t<div data-elementor-type=\"wp-page\" data-elementor-id=\"556\" class=\"elementor elementor-556\">\n\t\t\t\t\t\t<section class=\"elementor-section elementor-top-section elementor-element elementor-element-a78b8b3 elementor-section-boxed elementor-section-height-default elementor-section-height-default\" data-id=\"a78b8b3\" data-element_type=\"section\" data-e-type=\"section\">\n\t\t\t\t\t\t<div class=\"elementor-container elementor-column-gap-default\">\n\t\t\t\t\t<div class=\"elementor-column elementor-col-100 elementor-top-column elementor-element elementor-element-b023edc\" data-id=\"b023edc\" data-element_type=\"column\" data-e-type=\"column\">\n\t\t\t<div class=\"elementor-widget-wrap elementor-element-populated\">\n\t\t\t\t\t\t<div class=\"elementor-element elementor-element-a68f18a elementor-widget elementor-widget-heading\" data-id=\"a68f18a\" data-element_type=\"widget\" data-e-type=\"widget\" data-widget_type=\"heading.default\">\n\t\t\t\t<div class=\"elementor-widget-container\">\n\t\t\t\t\t<h3 class=\"elementor-heading-title elementor-size-default\">Workshop rund ums Loslassen und Zulassen<\/h3>\t\t\t\t<\/div>\n\t\t\t\t<\/div>\n\t\t\t\t\t<\/div>\n\t\t<\/div>\n\t\t\t\t\t<\/div>\n\t\t<\/section>\n\t\t\t\t<section class=\"elementor-section elementor-top-section elementor-element elementor-element-b8d71cb elementor-section-boxed elementor-section-height-default elementor-section-height-default\" data-id=\"b8d71cb\" data-element_type=\"section\" data-e-type=\"section\">\n\t\t\t\t\t\t<div class=\"elementor-container elementor-column-gap-default\">\n\t\t\t\t\t<div class=\"elementor-column elementor-col-66 elementor-top-column elementor-element elementor-element-46329e1\" data-id=\"46329e1\" data-element_type=\"column\" data-e-type=\"column\">\n\t\t\t<div class=\"elementor-widget-wrap elementor-element-populated\">\n\t\t\t\t\t\t<div class=\"elementor-element elementor-element-b3357e1 elementor-widget elementor-widget-text-editor\" data-id=\"b3357e1\" data-element_type=\"widget\" data-e-type=\"widget\" data-widget_type=\"text-editor.default\">\n\t\t\t\t<div class=\"elementor-widget-container\">\n\t\t\t\t\t\t\t\t\t<p>An diesem Workshopwochenende geht es um die ertr\u00e4gliche Leichtigkeit des Seins &#8211; wenn wir uns hier mal so unversch\u00e4mt am Buchtitel von Milan Kundera bedienen und in frech ver\u00e4ndern d\u00fcrfen.<\/p><p>Im Fluss sein und doch mit selbst-bestimmtem Flosseneinsatz entscheiden, wo&#8217;s lang geht. Gelegenheiten erkennen und ergreifen, aber auch immer wieder Abschied nehmen. Das Leben als einen st\u00e4ndigen Fluss der Ver\u00e4nderungen begreifen.<\/p><p>Grenzenlos visionieren, aufs Verr\u00fcckteste fantasieren, Utopien entwerfen und damit den Samen in uns s\u00e4en, der dann alle weiteren Entscheidungen und Handlungen mit beeinflusst &#8211; auf dem Weg vom Traum in die Realit\u00e4t. <\/p><p>Die Gruppe bietet einen sicheren Ort von Verbundenheit, Respekt, gegenseitiger Herausforderung und Unterst\u00fctzung. Wir arbeiten mit kreativen, intuitiven und k\u00f6rperbezogenen Methoden, die den Prozess mit Leichtigkeit und Freude begleiten.<\/p><p>Wir empfehlen vorher <a href=\"https:\/\/vianima.net\/?page_id=617\">&#8222;Aschenputtel steigt aus&#8220;<\/a>, <a href=\"https:\/\/vianima.net\/?page_id=554\">&#8222;Aschenputtel findet ihren Weg&#8220;<\/a> und <a href=\"https:\/\/vianima.net\/?page_id=773\">&#8222;Aschenputtel steht zu ihrem Weg&#8220;<\/a> zu besuchen. Damit begleiten wir dich gerne auf deinem Weg. <\/p><p>Wenn du aber selber schon in deinem Prozess fortgeschritten bist, bist du nat\u00fcrlich auch als Quereinsteigerin bei &#8222;Aschenputtel lernt fliegen&#8220; herzlich willkommen!<\/p><p><strong>Zur Zeit keine Termine. Lass dich informieren, sobald sich das \u00e4ndert und abonniere unseren Newsletter!<\/strong><\/p>\t\t\t\t\t\t\t\t<\/div>\n\t\t\t\t<\/div>\n\t\t\t\t\t<\/div>\n\t\t<\/div>\n\t\t\t\t<div class=\"elementor-column elementor-col-33 elementor-top-column elementor-element elementor-element-2b9a441\" data-id=\"2b9a441\" data-element_type=\"column\" data-e-type=\"column\">\n\t\t\t<div class=\"elementor-widget-wrap\">\n\t\t\t\t\t\t\t<\/div>\n\t\t<\/div>\n\t\t\t\t\t<\/div>\n\t\t<\/section>\n\t\t\t\t<section class=\"elementor-section elementor-top-section elementor-element elementor-element-3b76e79 elementor-section-boxed elementor-section-height-default elementor-section-height-default\" data-id=\"3b76e79\" data-element_type=\"section\" data-e-type=\"section\">\n\t\t\t\t\t\t<div class=\"elementor-container elementor-column-gap-default\">\n\t\t\t\t\t<div class=\"elementor-column elementor-col-33 elementor-top-column elementor-element elementor-element-50479a5\" data-id=\"50479a5\" data-element_type=\"column\" data-e-type=\"column\">\n\t\t\t<div class=\"elementor-widget-wrap\">\n\t\t\t\t\t\t\t<\/div>\n\t\t<\/div>\n\t\t\t\t<div class=\"elementor-column elementor-col-33 elementor-top-column elementor-element elementor-element-e4c20b5\" data-id=\"e4c20b5\" data-element_type=\"column\" data-e-type=\"column\">\n\t\t\t<div class=\"elementor-widget-wrap\">\n\t\t\t\t\t\t\t<\/div>\n\t\t<\/div>\n\t\t\t\t<div class=\"elementor-column elementor-col-33 elementor-top-column elementor-element elementor-element-a0d9a49\" data-id=\"a0d9a49\" data-element_type=\"column\" data-e-type=\"column\">\n\t\t\t<div class=\"elementor-widget-wrap\">\n\t\t\t\t\t\t\t<\/div>\n\t\t<\/div>\n\t\t\t\t\t<\/div>\n\t\t<\/section>\n\t\t\t\t<\/div>\n\t\t","protected":false},"excerpt":{"rendered":"<p>Workshop rund ums Loslassen und Zulassen An diesem Workshopwochenende geht es um die ertr\u00e4gliche Leichtigkeit des Seins &#8211; wenn wir uns hier mal so unversch\u00e4mt am Buchtitel von Milan Kundera bedienen und in frech ver\u00e4ndern d\u00fcrfen. Im Fluss sein und doch mit selbst-bestimmtem Flosseneinsatz entscheiden, wo&#8217;s lang geht. Gelegenheiten erkennen und ergreifen, aber auch immer [&hellip;]<\/p>\n","protected":false},"author":1,"featured_media":0,"parent":548,"menu_order":0,"comment_status":"closed","ping_status":"closed","template":"elementor_theme","meta":{"footnotes":""},"class_list":["post-556","page","type-page","status-publish","hentry"],"_links":{"self":[{"href":"https:\/\/vianima.net\/index.php?rest_route=\/wp\/v2\/pages\/556","targetHints":{"allow":["GET"]}}],"collection":[{"href":"https:\/\/vianima.net\/index.php?rest_route=\/wp\/v2\/pages"}],"about":[{"href":"https:\/\/vianima.net\/index.php?rest_route=\/wp\/v2\/types\/page"}],"author":[{"embeddable":true,"href":"https:\/\/vianima.net\/index.php?rest_route=\/wp\/v2\/users\/1"}],"replies":[{"embeddable":true,"href":"https:\/\/vianima.net\/index.php?rest_route=%2Fwp%2Fv2%2Fcomments&post=556"}],"version-history":[{"count":17,"href":"https:\/\/vianima.net\/index.php?rest_route=\/wp\/v2\/pages\/556\/revisions"}],"predecessor-version":[{"id":946,"href":"https:\/\/vianima.net\/index.php?rest_route=\/wp\/v2\/pages\/556\/revisions\/946"}],"up":[{"embeddable":true,"href":"https:\/\/vianima.net\/index.php?rest_route=\/wp\/v2\/pages\/548"}],"wp:attachment":[{"href":"https:\/\/vianima.net\/index.php?rest_route=%2Fwp%2Fv2%2Fmedia&parent=556"}],"curies":[{"name":"wp","href":"https:\/\/api.w.org\/{rel}","templated":true}]}}