{"id":670,"date":"2022-01-20T10:10:25","date_gmt":"2022-01-20T10:10:25","guid":{"rendered":"https:\/\/vianima.net\/?page_id=670"},"modified":"2022-02-02T16:58:09","modified_gmt":"2022-02-02T16:58:09","slug":"retreats","status":"publish","type":"page","link":"https:\/\/vianima.net\/?page_id=670","title":{"rendered":"Retreats"},"content":{"rendered":"\t\t<div data-elementor-type=\"wp-page\" data-elementor-id=\"670\" class=\"elementor elementor-670\">\n\t\t\t\t\t\t<section class=\"elementor-section elementor-top-section elementor-element elementor-element-17d7ad4 elementor-section-boxed elementor-section-height-default elementor-section-height-default\" data-id=\"17d7ad4\" data-element_type=\"section\" data-e-type=\"section\">\n\t\t\t\t\t\t<div class=\"elementor-container elementor-column-gap-default\">\n\t\t\t\t\t<div class=\"elementor-column elementor-col-100 elementor-top-column elementor-element elementor-element-76168fc\" data-id=\"76168fc\" data-element_type=\"column\" data-e-type=\"column\">\n\t\t\t<div class=\"elementor-widget-wrap elementor-element-populated\">\n\t\t\t\t\t\t<div class=\"elementor-element elementor-element-94b6000 elementor-widget elementor-widget-spacer\" data-id=\"94b6000\" data-element_type=\"widget\" data-e-type=\"widget\" data-widget_type=\"spacer.default\">\n\t\t\t\t<div class=\"elementor-widget-container\">\n\t\t\t\t\t\t\t<div class=\"elementor-spacer\">\n\t\t\t<div class=\"elementor-spacer-inner\"><\/div>\n\t\t<\/div>\n\t\t\t\t\t\t<\/div>\n\t\t\t\t<\/div>\n\t\t\t\t\t<\/div>\n\t\t<\/div>\n\t\t\t\t\t<\/div>\n\t\t<\/section>\n\t\t\t\t<section class=\"elementor-section elementor-top-section elementor-element elementor-element-dc0ca2a elementor-section-boxed elementor-section-height-default elementor-section-height-default\" data-id=\"dc0ca2a\" data-element_type=\"section\" data-e-type=\"section\">\n\t\t\t\t\t\t<div class=\"elementor-container elementor-column-gap-default\">\n\t\t\t\t\t<div class=\"elementor-column elementor-col-100 elementor-top-column elementor-element elementor-element-bdca74b\" data-id=\"bdca74b\" data-element_type=\"column\" data-e-type=\"column\">\n\t\t\t<div class=\"elementor-widget-wrap elementor-element-populated\">\n\t\t\t\t\t\t<div class=\"elementor-element elementor-element-da71adf elementor-widget elementor-widget-heading\" data-id=\"da71adf\" data-element_type=\"widget\" data-e-type=\"widget\" data-widget_type=\"heading.default\">\n\t\t\t\t<div class=\"elementor-widget-container\">\n\t\t\t\t\t<h4 class=\"elementor-heading-title elementor-size-default\">F\u00fcr Selbstwahrnehmung, Ver\u00e4nderung und Neuausrichtung<\/h4>\t\t\t\t<\/div>\n\t\t\t\t<\/div>\n\t\t\t\t\t<\/div>\n\t\t<\/div>\n\t\t\t\t\t<\/div>\n\t\t<\/section>\n\t\t\t\t<section class=\"elementor-section elementor-top-section elementor-element elementor-element-83d46b2 elementor-section-boxed elementor-section-height-default elementor-section-height-default\" data-id=\"83d46b2\" data-element_type=\"section\" data-e-type=\"section\">\n\t\t\t\t\t\t<div class=\"elementor-container elementor-column-gap-default\">\n\t\t\t\t\t<div class=\"elementor-column elementor-col-100 elementor-top-column elementor-element elementor-element-c8e4f92\" data-id=\"c8e4f92\" data-element_type=\"column\" data-e-type=\"column\">\n\t\t\t<div class=\"elementor-widget-wrap elementor-element-populated\">\n\t\t\t\t\t\t<div class=\"elementor-element elementor-element-80e0af3 elementor-widget elementor-widget-spacer\" data-id=\"80e0af3\" data-element_type=\"widget\" data-e-type=\"widget\" data-widget_type=\"spacer.default\">\n\t\t\t\t<div class=\"elementor-widget-container\">\n\t\t\t\t\t\t\t<div class=\"elementor-spacer\">\n\t\t\t<div class=\"elementor-spacer-inner\"><\/div>\n\t\t<\/div>\n\t\t\t\t\t\t<\/div>\n\t\t\t\t<\/div>\n\t\t\t\t\t<\/div>\n\t\t<\/div>\n\t\t\t\t\t<\/div>\n\t\t<\/section>\n\t\t\t\t<section class=\"elementor-section elementor-top-section elementor-element elementor-element-1c38e35 elementor-section-boxed elementor-section-height-default elementor-section-height-default\" data-id=\"1c38e35\" data-element_type=\"section\" data-e-type=\"section\">\n\t\t\t\t\t\t<div class=\"elementor-container elementor-column-gap-default\">\n\t\t\t\t\t<div class=\"elementor-column elementor-col-50 elementor-top-column elementor-element elementor-element-bbf7f4b\" data-id=\"bbf7f4b\" data-element_type=\"column\" data-e-type=\"column\">\n\t\t\t<div class=\"elementor-widget-wrap elementor-element-populated\">\n\t\t\t\t\t\t<div class=\"elementor-element elementor-element-c078a98 elementor-widget elementor-widget-text-editor\" data-id=\"c078a98\" data-element_type=\"widget\" data-e-type=\"widget\" data-widget_type=\"text-editor.default\">\n\t\t\t\t<div class=\"elementor-widget-container\">\n\t\t\t\t\t\t\t\t\t<p align=\"JUSTIFY\">Wir bieten einw\u00f6chige Retreats f\u00fcr Menschen in Umbruchphasen oder Menschen, die ihr Leben ver\u00e4ndern m\u00f6chten, an.<\/p><p align=\"JUSTIFY\">Wie entf\u00fchren dich aus dem Alltag an einen besonderen Ort, der eine vertiefte Auseinandersetzung mit Neuausrichtung, Wandel- und Wechselzeiten, Visionierung und Handlungsplanung erm\u00f6glicht und unterst\u00fctzt.<\/p><p align=\"JUSTIFY\">In sch\u00f6ner Natur, abgeschirmt von Alltag und Routine bieten wir einen Rahmen, der den Zugang zu eigenen Herzensw\u00fcnschen und neuen Perspektiven \u00f6ffnet.\u00a0<\/p><p align=\"JUSTIFY\">Wir stossen eine intensive und freudvolle Auseinandersetzung mit uns selbst an, erforschen, wer wir sind, was wir k\u00f6nnen und was daraus entstehen kann.<\/p>\t\t\t\t\t\t\t\t<\/div>\n\t\t\t\t<\/div>\n\t\t\t\t\t<\/div>\n\t\t<\/div>\n\t\t\t\t<div class=\"elementor-column elementor-col-50 elementor-top-column elementor-element elementor-element-22406d0\" data-id=\"22406d0\" data-element_type=\"column\" data-e-type=\"column\">\n\t\t\t<div class=\"elementor-widget-wrap elementor-element-populated\">\n\t\t\t\t\t\t<div class=\"elementor-element elementor-element-7f579a3 elementor-widget__width-auto elementor-widget elementor-widget-image\" data-id=\"7f579a3\" data-element_type=\"widget\" data-e-type=\"widget\" data-widget_type=\"image.default\">\n\t\t\t\t<div class=\"elementor-widget-container\">\n\t\t\t\t\t\t\t\t\t\t\t\t\t\t\t<img fetchpriority=\"high\" decoding=\"async\" width=\"512\" height=\"384\" src=\"https:\/\/vianima.net\/wp-content\/uploads\/2022\/01\/weg-der-seele-retreats.png\" class=\"attachment-medium_large size-medium_large wp-image-671\" alt=\"\" srcset=\"https:\/\/vianima.net\/wp-content\/uploads\/2022\/01\/weg-der-seele-retreats.png 512w, https:\/\/vianima.net\/wp-content\/uploads\/2022\/01\/weg-der-seele-retreats-300x225.png 300w\" sizes=\"(max-width: 512px) 100vw, 512px\" \/>\t\t\t\t\t\t\t\t\t\t\t\t\t\t\t<\/div>\n\t\t\t\t<\/div>\n\t\t\t\t\t<\/div>\n\t\t<\/div>\n\t\t\t\t\t<\/div>\n\t\t<\/section>\n\t\t\t\t<section class=\"elementor-section elementor-top-section elementor-element elementor-element-49efcd7 elementor-section-boxed elementor-section-height-default elementor-section-height-default\" data-id=\"49efcd7\" data-element_type=\"section\" data-e-type=\"section\">\n\t\t\t\t\t\t<div class=\"elementor-container elementor-column-gap-default\">\n\t\t\t\t\t<div class=\"elementor-column elementor-col-100 elementor-top-column elementor-element elementor-element-4fa7e38\" data-id=\"4fa7e38\" data-element_type=\"column\" data-e-type=\"column\">\n\t\t\t<div class=\"elementor-widget-wrap elementor-element-populated\">\n\t\t\t\t\t\t<div class=\"elementor-element elementor-element-9053d1d elementor-widget elementor-widget-heading\" data-id=\"9053d1d\" data-element_type=\"widget\" data-e-type=\"widget\" data-widget_type=\"heading.default\">\n\t\t\t\t<div class=\"elementor-widget-container\">\n\t\t\t\t\t<h5 class=\"elementor-heading-title elementor-size-default\">Ganzheitliche Herangehensweise<\/h5>\t\t\t\t<\/div>\n\t\t\t\t<\/div>\n\t\t\t\t\t<\/div>\n\t\t<\/div>\n\t\t\t\t\t<\/div>\n\t\t<\/section>\n\t\t\t\t<section class=\"elementor-section elementor-top-section elementor-element elementor-element-637d4b6 elementor-section-boxed elementor-section-height-default elementor-section-height-default\" data-id=\"637d4b6\" data-element_type=\"section\" data-e-type=\"section\">\n\t\t\t\t\t\t<div class=\"elementor-container elementor-column-gap-default\">\n\t\t\t\t\t<div class=\"elementor-column elementor-col-100 elementor-top-column elementor-element elementor-element-7f6ac17\" data-id=\"7f6ac17\" data-element_type=\"column\" data-e-type=\"column\">\n\t\t\t<div class=\"elementor-widget-wrap elementor-element-populated\">\n\t\t\t\t\t\t<div class=\"elementor-element elementor-element-3c2ac7f elementor-widget elementor-widget-text-editor\" data-id=\"3c2ac7f\" data-element_type=\"widget\" data-e-type=\"widget\" data-widget_type=\"text-editor.default\">\n\t\t\t\t<div class=\"elementor-widget-container\">\n\t\t\t\t\t\t\t\t\t<section class=\"elementor-section elementor-top-section elementor-element elementor-element-8720a71 elementor-section-boxed elementor-section-height-default elementor-section-height-default\" data-id=\"8720a71\" data-element_type=\"section\">\n<div class=\"elementor-container elementor-column-gap-default\">\n<div class=\"elementor-row\">\n<div class=\"elementor-column elementor-col-100 elementor-top-column elementor-element elementor-element-b913440\" data-id=\"b913440\" data-element_type=\"column\">\n<div class=\"elementor-column-wrap elementor-element-populated\">\n<div class=\"elementor-widget-wrap\">\n<div class=\"elementor-element elementor-element-b9f99b1 elementor-widget elementor-widget-text-editor\" data-id=\"b9f99b1\" data-element_type=\"widget\" data-widget_type=\"text-editor.default\">\n<div class=\"elementor-widget-container\">\n<div class=\"elementor-text-editor elementor-clearfix\">\n<p align=\"JUSTIFY\">Mit gestalterischen und k\u00fcnstlerischen Mitteln, systemischen Inszenierungen, Bewegung und Ausdruck \u00fcber den K\u00f6rper entdecken wir unbewusste W\u00fcnsche und Bed\u00fcrfnisse und arbeiten mit diesen an eigenen Visionen. Im Prozess der Selbsterfahrung werden intensive Reflexionsprozesse angesto\u00dfen. <br><\/p><p align=\"JUSTIFY\">Yoga, Meditation, Entspannungstechniken und Achtsamkeits\u00fcbungen unterst\u00fctzen die Beruhigung des Geistes und den Zugang zu Kreativit\u00e4t und Lebensenergie, um sich innerhalb des Coachings von alten Gedankenmustern zu verabschieden und neue Handlungsoptionen zu entwerfen.<\/p>\n<p align=\"JUSTIFY\">Der Tagesablauf l\u00e4sst neben den gemeinsamen Aktivit\u00e4ten und dem intensiven Austausch innerhalb der Gruppe auch gen\u00fcgend Zeit f\u00fcr Stille, mit-sich-sein und Selbstreflexion.<\/p>\n<p align=\"JUSTIFY\">Wir legen Wert auf besondere Rahmenbedingungen, dazu geh\u00f6ren bewusste vegetarische Ern\u00e4hrung, der Verzicht auf elektronische Medien w\u00e4hrend der gemeinsamen Zeit und die Einbeziehung von Natur und Umgebung. Diese Bedingungen unterst\u00fctzen die Wahrnehmung innerer Ressourcen, zu denen wir im Alltag h\u00e4ufig den Kontakt verlieren.<\/p>\n<p align=\"JUSTIFY\">Wir vertreten einen ganzheitlichen Ansatz: K\u00f6rper, Geist und Seele stehen in einem untrennbaren Zusammenhang und wirken wechselseitig aufeinander ein.<\/p>\n<\/div>\n<\/div>\n<\/div>\n<\/div>\n<\/div>\n<\/div>\n<\/div>\n<\/div>\n<\/section>\n<section class=\"elementor-section elementor-top-section elementor-element elementor-element-e192cfb elementor-section-boxed elementor-section-height-default elementor-section-height-default\" data-id=\"e192cfb\" data-element_type=\"section\">\n<div class=\"elementor-container elementor-column-gap-default\">\n<div class=\"elementor-row\">\n<div class=\"elementor-column elementor-col-100 elementor-top-column elementor-element elementor-element-d250371\" data-id=\"d250371\" data-element_type=\"column\">\n<div class=\"elementor-column-wrap elementor-element-populated\">\n<div class=\"elementor-widget-wrap\">\n<div class=\"elementor-element elementor-element-7099c9a elementor-widget elementor-widget-text-editor\" data-id=\"7099c9a\" data-element_type=\"widget\" data-widget_type=\"text-editor.default\">\n<div class=\"elementor-widget-container\">\n<div class=\"elementor-text-editor elementor-clearfix\">\n<p>Weitere Informationen auf Anfrage: <a href=\"mailto:kontakt@vianima.de\">Hier<\/a><\/p>\n<\/div>\n<\/div>\n<\/div>\n<\/div>\n<\/div>\n<\/div>\n<\/div>\n<\/div>\n<\/section>\t\t\t\t\t\t\t\t<\/div>\n\t\t\t\t<\/div>\n\t\t\t\t\t<\/div>\n\t\t<\/div>\n\t\t\t\t\t<\/div>\n\t\t<\/section>\n\t\t\t\t<\/div>\n\t\t","protected":false},"excerpt":{"rendered":"<p>F\u00fcr Selbstwahrnehmung, Ver\u00e4nderung und Neuausrichtung Wir bieten einw\u00f6chige Retreats f\u00fcr Menschen in Umbruchphasen oder Menschen, die ihr Leben ver\u00e4ndern m\u00f6chten, an. Wie entf\u00fchren dich aus dem Alltag an einen besonderen Ort, der eine vertiefte Auseinandersetzung mit Neuausrichtung, Wandel- und Wechselzeiten, Visionierung und Handlungsplanung erm\u00f6glicht und unterst\u00fctzt. In sch\u00f6ner Natur, abgeschirmt von Alltag und Routine bieten [&hellip;]<\/p>\n","protected":false},"author":1,"featured_media":0,"parent":0,"menu_order":0,"comment_status":"closed","ping_status":"closed","template":"elementor_theme","meta":{"footnotes":""},"class_list":["post-670","page","type-page","status-publish","hentry"],"_links":{"self":[{"href":"https:\/\/vianima.net\/index.php?rest_route=\/wp\/v2\/pages\/670","targetHints":{"allow":["GET"]}}],"collection":[{"href":"https:\/\/vianima.net\/index.php?rest_route=\/wp\/v2\/pages"}],"about":[{"href":"https:\/\/vianima.net\/index.php?rest_route=\/wp\/v2\/types\/page"}],"author":[{"embeddable":true,"href":"https:\/\/vianima.net\/index.php?rest_route=\/wp\/v2\/users\/1"}],"replies":[{"embeddable":true,"href":"https:\/\/vianima.net\/index.php?rest_route=%2Fwp%2Fv2%2Fcomments&post=670"}],"version-history":[{"count":29,"href":"https:\/\/vianima.net\/index.php?rest_route=\/wp\/v2\/pages\/670\/revisions"}],"predecessor-version":[{"id":994,"href":"https:\/\/vianima.net\/index.php?rest_route=\/wp\/v2\/pages\/670\/revisions\/994"}],"wp:attachment":[{"href":"https:\/\/vianima.net\/index.php?rest_route=%2Fwp%2Fv2%2Fmedia&parent=670"}],"curies":[{"name":"wp","href":"https:\/\/api.w.org\/{rel}","templated":true}]}}